{"id":3,"date":"2022-01-25T16:18:50","date_gmt":"2022-01-25T16:18:50","guid":{"rendered":"https:\/\/mecanicalapedra.com\/?page_id=3"},"modified":"2022-08-18T12:27:47","modified_gmt":"2022-08-18T12:27:47","slug":"politica-de-privacitat","status":"publish","type":"page","link":"https:\/\/mecanicalapedra.com\/index.php\/politica-de-privacitat\/","title":{"rendered":"Pol\u00edtica de privacitat"},"content":{"rendered":"<div class=\"fusion-fullwidth fullwidth-box fusion-builder-row-1 fusion-flex-container nonhundred-percent-fullwidth non-hundred-percent-height-scrolling\" style=\"--awb-border-radius-top-left:0px;--awb-border-radius-top-right:0px;--awb-border-radius-bottom-right:0px;--awb-border-radius-bottom-left:0px;--awb-flex-wrap:wrap;\" ><div class=\"fusion-builder-row fusion-row fusion-flex-align-items-flex-start fusion-flex-content-wrap\" style=\"max-width:calc( 1200px + 80px );margin-left: calc(-80px \/ 2 );margin-right: calc(-80px \/ 2 );\"><div class=\"fusion-layout-column fusion_builder_column fusion-builder-column-0 fusion_builder_column_1_1 1_1 fusion-flex-column\" style=\"--awb-bg-size:cover;--awb-width-large:100%;--awb-margin-top-large:0px;--awb-spacing-right-large:40px;--awb-margin-bottom-large:0px;--awb-spacing-left-large:40px;--awb-width-medium:100%;--awb-spacing-right-medium:40px;--awb-spacing-left-medium:40px;--awb-width-small:100%;--awb-spacing-right-small:40px;--awb-spacing-left-small:40px;\"><div class=\"fusion-column-wrapper fusion-flex-justify-content-flex-start fusion-content-layout-column\"><div class=\"fusion-text fusion-text-1\"><\/p>\n<h2 class=\"wp-block-heading\">Nota legal i protecci\u00f3 de dades<\/h2>\n<\/p>\n<p>Mec\u00e0nica Lapedra, sl, informa als interessats que les seves dades seran utilitzades atenent les limitacions, drets i obligacions que estableix el Reglament (UE) 2016\/679 del Parlament Europeu i del Consell de 27 d\u2019abril de 2016, relatiu a la protecci\u00f3 de les persones f\u00edsiques pel que fa al tractament de dades personals i a la lliure circulaci\u00f3 d\u2019aquestes dades, denominat Reglament General de Protecci\u00f3 de dades, (en endavant RGPD), i per a complir el que estableix l\u2019article 13 del RGPD s\u2019informa d\u2019aix\u00f2 en els seg\u00fcents punts:<\/p>\n<h4 data-fontsize=\"20\" data-lineheight=\"26.6px\"> <\/h4>\n<h4 class=\"fusion-responsive-typography-calculated\" data-fontsize=\"20\" data-lineheight=\"26.6px\">Responsable del tractament de les dades personals<\/h4>\n<ul>\n<li><strong>Nom: <\/strong>mecanicalapedra.com<\/li>\n<li><strong>Ra\u00f3 social:<\/strong> Mec\u00e0nica Lapedra, sl<\/li>\n<li><strong>CIF:<\/strong> B02931004<\/li>\n<li><strong>Domicili social:<\/strong> C. Vilablareix, nau 6, Pol\u00edgon Industrial Montfull\u00e0, 17162 Bescan\u00f3, Girona<\/li>\n<li><strong>Tel\u00e8fon<\/strong> : 972 23 31 22<\/li>\n<li><strong>Adre\u00e7a  electr\u00f2nica: <\/strong><a href=\"mailto:info@mecanicalapedra.com\">info@mecanicalapedra.com<\/a><\/li>\n<\/ul>\n<h4 class=\"fusion-responsive-typography-calculated\" data-fontsize=\"20\" data-lineheight=\"26.6px\">Funci\u00f3 del Delegat de Protecci\u00f3 de Dades<\/h4>\n<p>El Delegat de Protecci\u00f3 de Dades (DPD) \u00e9s la persona que supervisa el complement de la nostra pol\u00edtica de protecci\u00f3 de dades, vetllant perqu\u00e8 es tractin adequadament i es protegeixin els drets de les persones. Entre les seves funcions figura la d\u2019atendre qualsevol dubte, suggeriment, queixa o reclamaci\u00f3 de les persones de qui es tracten dades. Es pot contactar amb el Delegat de Protecci\u00f3 de Dades adre\u00e7ant-se per escrit a la nostra adre\u00e7a postal i tel\u00e8fon o directment a l\u2019adre\u00e7a electr\u00f2nica <a href=\"mailto:info@mecanicalapedra.com\">info@mecanicalapedra.com<\/a><\/p>\n<\/p>\n<\/p>\n<h4 class=\"fusion-responsive-typography-calculated wp-block-heading\" data-fontsize=\"20\" data-lineheight=\"26.6px\">Finalitat del tractament de dades<\/h4>\n<p>En utilitzar la nostra web i el formulari de contacte ha de proporcionar, entre d\u2019altres, les seves dades personals. Aquestes dades s\u2019utilitzaran per a les finalitats leg\u00edtimes previstes per Mec\u00e0nica Lapedra, sl.<\/p>\n<ul>\n<li>Contacte amb l\u2019interessat per donar resposta a les seves sol\u00b7licituds, peticions o consultes.<\/li>\n<li>Gesti\u00f3 per a tasques d\u2019administraci\u00f3 com ara la facturaci\u00f3 i el cobrament de serveis.<\/li>\n<li>Accions comercials, utilitzant la informaci\u00f3 proporcionada per l\u2019interessat per oferir productes i serveis d\u2019una manera personalitzada o de car\u00e0cter general.<\/li>\n<li>Obtenci\u00f3 d\u2019informaci\u00f3 estad\u00edstica sobre l\u2019\u00fas del lloc web.<\/li>\n<\/ul>\n<h4 class=\"fusion-responsive-typography-calculated\" data-fontsize=\"20\" data-lineheight=\"26.6px\">Legitimaci\u00f3 legal per al tractament de les dades<\/h4>\n<p>El tractament de les teves dades personals per a l\u2019enviament d\u2019informaci\u00f3 promocional sobre activitats, campanyes o iniciatives de Mec\u00e0nica Lapedra, sl, similars a les que ja hagis participat, respon a un inter\u00e8s leg\u00edtim de la nostra empresa i est\u00e0 autoritzat per la normativa vigent.<\/p>\n<\/p>\n<h4 class=\"fusion-responsive-typography-calculated\" data-fontsize=\"20\" data-lineheight=\"26.6px\">Destinataris i comunicaci\u00f3 de dades<\/h4>\n<p>Les dades dels interessats no seran cedides a tercers. Excepte a les Administracions P\u00fabliques i en els casos previstos per la Llei competent i aplicable.<\/p>\n<\/p>\n<h4 class=\"fusion-responsive-typography-calculated\" data-fontsize=\"20\" data-lineheight=\"26.6px\">Durada del tractament de dades<\/h4>\n<p>Les dades per a l\u2019enviament de comunicacions comercials, seran conservades indefinidament fins que, si s\u2019escau, es manifesti la voluntat de supressi\u00f3. Les dades per a la gesti\u00f3 de la relaci\u00f3 amb els clients, com ara els de facturaci\u00f3, cobraments, etc. seran conservades durant tot el temps en qu\u00e8 el contracte estigui vigent. Finalitzada la relaci\u00f3 contractual, les dades han de ser conservades durant el temps exigit per la legislaci\u00f3 aplicable i fins que prescriguin les eventuals responsabilitats derivades del contracte.<\/p>\n<\/p>\n<h4 class=\"fusion-responsive-typography-calculated\" data-fontsize=\"20\" data-lineheight=\"26.6px\">Drets de les persones en relaci\u00f3 a les dades que tractem<\/h4>\n<p>Tal com preveu el Reglament General de Protecci\u00f3 de Dades, les persones de qui tractem dades tenen els drets seg\u00fcents:<\/p>\n<ul>\n<li><strong>A saber si es tracten.<\/strong> Qualsevol persona t\u00e9, en primer lloc, dret a saber si tractem les seves dades, amb independ\u00e8ncia de si ha existit una relaci\u00f3 pr\u00e8via.<\/li>\n<li><strong>A ser informat en la recollida<\/strong>. Quan les dades personals s\u2019obtenen del mateix interessat, en el moment de proporcionar-les ha de tenir informaci\u00f3 clara de les finalitats a les que es destinaran, de qui ser\u00e0 el responsable del tractament i dels principals aspectes derivats d\u2019aquest tractament.<\/li>\n<li><strong>A accedir-hi<\/strong>. Dret molt ampli que inclou el de saber amb precisi\u00f3 quines dades personals s\u00f3n objecte de tractament, quina \u00e9s la finalitat per la que es tracten, les comunicacions a altres persones que se\u2019n faran (si \u00e9s el cas) o el dret a obtenir-ne c\u00f2pia o a saber el termini previst de conservaci\u00f3.<\/li>\n<li><strong>A demanar-ne la rectificaci\u00f3<\/strong>. \u00c9s el dret a fer rectificar les dades inexactes que siguin objecte de tractament per part nostra.<\/li>\n<li><strong>A demanar-ne la supressi\u00f3<\/strong>. En determinades circumst\u00e0ncies existeix el dret a demanar la supressi\u00f3 de les dades quan, entre altres motius, ja no siguin necess\u00e0ries per als fins per als quals van ser recollides i en van justificar el tractament.<\/li>\n<li><strong>A demanar la limitaci\u00f3 del tractament<\/strong>. Tamb\u00e9 en determinades circumst\u00e0ncies es reconeix el dret a demanar la limitaci\u00f3 del tractament de les dades. En aquest cas deixaran de ser tractades i nom\u00e9s es conservaran per a l\u2019exercici o la defensa de reclamacions, d\u2019acord amb el Reglament General de Protecci\u00f3 de Dades.<\/li>\n<li><strong>A la portabilitat<\/strong>. En els casos previstos a la normativa es reconeix el dret a obtenir les dades personals pr\u00f2pies en un format estructurat d\u2019\u00fas com\u00fa llegible per m\u00e0quina, i a transmetre-les a un altre responsable del tractament si aix\u00ed ho decideix la persona interessada.<\/li>\n<li><strong>A oposar-se al tractament<\/strong>. Una persona pot adduir motius relacionats amb la seva situaci\u00f3 particular, motius que comportaran que deixin de tractar-se les seves dades en el grau o mesura que li pugui comportar un perjudici, excepte per motius leg\u00edtims o l\u2019exercici o defensa davant reclamacions.<\/li>\n<li><strong>A no rebre informaci\u00f3<\/strong>. Atenem immediatament les peticions de no seguir rebent informaci\u00f3 de les nostres activitats i serveis, quan aquests enviaments es fonamentaven \u00fanicament en el consentiment de la persona que n\u2019\u00e9s receptora.<\/li>\n<\/ul>\n<div class=\"fusion-layout-column fusion_builder_column fusion-builder-column-4 fusion_builder_column_3_5 3_5 fusion-three-fifth\">\n<div class=\"fusion-column-wrapper fusion-flex-column-wrapper-legacy\">\n<div class=\"fusion-tabs fusion-tabs-1 clean horizontal-tabs icon-position-left\">\n<div class=\"tab-content\">\n<div id=\"tab-90e6e7a0f2ebdecdcba\" class=\"tab-pane fade fusion-clearfix active in\" tabindex=\"0\" role=\"tabpanel\" aria-labelledby=\"fusion-tab-notalegaliprotecci\u00d3dedades\">\n<h4 class=\"fusion-responsive-typography-calculated\" data-fontsize=\"20\" data-lineheight=\"26.6px\">Com es poden exercir o defensar els drets?<\/h4>\n<p>Els drets que acabem d\u2019enumerar es poden exercir adre\u00e7ant una sol\u00b7licitud a Mec\u00e0nica Lapedra, sl, a l\u2019adre\u00e7a postal o a les altres dades de contacte indicades a l\u2019encap\u00e7alament. Si no s\u2019ha obtingut resposta satisfact\u00f2ria en l\u2019exercici dels drets \u00e9s possible presentar una reclamaci\u00f3 davant l\u2019Autoritat Catalana de Protecci\u00f3 de Dades, per mitj\u00e0 dels formularis o altres canals accessibles des de la seva web (www.apd.cat). En tots els casos, ja sigui per presentar reclamacions, demanar aclariments o fer arribar suggeriments, \u00e9s possible adre\u00e7ar-se al Delegat de Protecci\u00f3 de Dades mitjan\u00e7ant missatge de correu electr\u00f2nic a l\u2019adre\u00e7a <a href=\"mailto:info@mecanicalapedra.com\">info@mecanicalapedra.com<\/a>.<\/p>\n<\/div>\n<\/div>\n<\/div>\n<\/div>\n<\/div>\n<div class=\"fusion-layout-column fusion_builder_column fusion-builder-column-5 fusion_builder_column_1_5 1_5 fusion-one-fifth fusion-column-last\"> <\/div>\n<div> <\/div>\n<div> <\/div>\n<div>\n<h2>Pol\u00edtica de cookies<\/h2>\n<\/p>\n<div class=\"fusion-layout-column fusion_builder_column fusion-builder-column-4 fusion_builder_column_3_5 3_5 fusion-three-fifth\">\n<div class=\"fusion-column-wrapper fusion-flex-column-wrapper-legacy\">\n<div class=\"fusion-tabs fusion-tabs-1 clean horizontal-tabs icon-position-left\">\n<div class=\"tab-content\">\n<div id=\"tab-87c160a820f3696d04f\" class=\"tab-pane fade fusion-clearfix active in\" tabindex=\"0\" role=\"tabpanel\" aria-labelledby=\"fusion-tab-pol\u00cdticadecookies\">\n<p>Les cookies o galetes s\u00f3n uns petits arxius de text que s\u2019instal\u00b7len als equips des dels quals s\u2019accedeix al nostre lloc web. Poden guardar la identificaci\u00f3 de l\u2019usuari que visita el web i els llocs pels quals navega. Quan l\u2019usuari (tu, en aquest cas) ens torna a visitar, es llegeixen les cookies per identificar-lo i restablir les seves prefer\u00e8ncies i configuraci\u00f3 de navegaci\u00f3. Si un usuari no autoritza l\u2019\u00fas de les cookies, alguns serveis o funcionalitats del lloc web podrien no estar disponibles.<\/p>\n<p>Volem que aquest lloc ofereixi un bon servei i que sigui f\u00e0cil d\u2019utilitzar. En aquest sentit utilitzem cookies de Google Analytics. Aix\u00f2 ens permet:<\/p>\n<ul>\n<li>Analitzar estad\u00edsticament la informaci\u00f3 a qu\u00e8 accedeixen els usuaris del nostre lloc. Les dades recopilades poden incloure l\u2019activitat del navegador de l\u2019usuari quan ens visita, la ruta que segueixen els usuaris en el nostre lloc, informaci\u00f3 del prove\u00efdor de serveis d\u2019Internet del visitant, el nombre de vegades que els usuaris accedeixen al lloc i el comportament dels usuaris al nostre lloc (p\u00e0gines que ha visitat, formularis que s\u2019han completat i similars).<\/li>\n<li>Identificar els usuaris que ens visiten des de la invitaci\u00f3 d\u2019un lloc web associat o d\u2019un enlla\u00e7 patrocinat. <\/li>\n<\/ul>\n<p>Pots obtenir m\u00e9s informaci\u00f3 sobre Google Analytics a <a href=\"https:\/\/www.google.com\/analytics\/\" target=\"_blank\" rel=\"noopener noreferrer\">www.google.com\/analytics\/<\/a>. Per controlar la recopilaci\u00f3 de dades amb finalitats anal\u00edtiques per part de Google Analytics, pots anar a <a href=\"https:\/\/tools.google.com\/dlpage\/gaoptout?hl=en\" target=\"_blank\" rel=\"noopener noreferrer\">https:\/\/tools.google.com\/dlpage\/gaoptout?hl=en<\/a><\/p>\n<p>Pots revocar el consentiment a la utilitzaci\u00f3 de cookies eliminant-les per mitj\u00e0 de les opcions que t\u2019ofereix el teu navegador.<\/p>\n<p>Si desitges obtenir informaci\u00f3 addicional sobre l\u2019activitat de les empreses de publicitat a Internet i sobre com eliminar les teves dades dels registres d\u2019aquestes empreses, et recomanem la visita de <a href=\"https:\/\/www.networkadvertising.org\/\" target=\"_blank\" rel=\"noopener noreferrer\">www.networkadvertising.org.<\/a><\/p>\n<p>Pots configurar el teu navegador per tal que t\u2019informi pr\u00e8viament de la possible instal\u00b7laci\u00f3 de cookies. Tamb\u00e9 podr\u00e0s optar per tal que se suprimeixin autom\u00e0ticament un cop es tanqui el navegador, equip o dispositiu. Pots trobar informaci\u00f3 sobre com fer-ho a:<\/p>\n<ul>\n<li>Per a <a href=\"https:\/\/support.mozilla.org\/ca\/kb\/Galetes\">Firefox<\/a><\/li>\n<li>Per a <a href=\"https:\/\/support.google.com\/chrome\/answer\/95647?hl=es\">Chrome<\/a><\/li>\n<li>Per a <a href=\"https:\/\/support.microsoft.com\/es-es\/hub\/4338813\/windows-help\">Internet Explorer<\/a><\/li>\n<li>Per a <a href=\"https:\/\/support.apple.com\/es-es\/guide\/safari\/sfri11471\/mac\">Safari<\/a><\/li>\n<li>Per a <a href=\"https:\/\/support.apple.com\/es-es\/HT201265\">Safari per a iOS<\/a><\/li>\n<\/ul>\n<p>Aquests navegadors estan sotmesos a actualitzacions o modificacions, pel que no podem garantir que s&#8217;ajustin completament a la versi\u00f3 del teu navegador. Tamb\u00e9 pot ser que utilitzis un altre navegador no contemplat en aquests enlla\u00e7os com Konqueror, Arora, Flock, etc. Per evitar aquests desajustos, pot accedir directament des de les opcions del teu navegador que es troba generalment al men\u00fa d&#8217;Opcions, a la secci\u00f3 de &#8216;Privacitat&#8217;. <\/p>\n<p>Per a m\u00e9s informaci\u00f3, siusplau, consulta l&#8217;ajuda del teu navegador.<br><\/p>\n<\/div>\n<\/div>\n<\/div>\n<div class=\"fusion-clearfix\"> <\/div>\n<\/div>\n<\/div>\n<div class=\"fusion-layout-column fusion_builder_column fusion-builder-column-5 fusion_builder_column_1_5 1_5 fusion-one-fifth fusion-column-last\"> <\/div>\n<\/div>\n<\/div><\/div><\/div><\/div><\/div>","protected":false},"excerpt":{"rendered":"","protected":false},"author":1,"featured_media":0,"parent":0,"menu_order":0,"comment_status":"closed","ping_status":"open","template":"","meta":{"footnotes":""},"class_list":["post-3","page","type-page","status-publish","hentry"],"yoast_head":"<!-- This site is optimized with the Yoast SEO plugin v27.4 - https:\/\/yoast.com\/product\/yoast-seo-wordpress\/ -->\n<title>Pol\u00edtica de privacitat - Mec\u00e0nica Lapedra<\/title>\n<meta name=\"robots\" content=\"index, follow, max-snippet:-1, max-image-preview:large, max-video-preview:-1\" \/>\n<link rel=\"canonical\" href=\"https:\/\/mecanicalapedra.com\/index.php\/politica-de-privacitat\/\" \/>\n<meta property=\"og:locale\" content=\"ca_ES\" \/>\n<meta property=\"og:type\" content=\"article\" \/>\n<meta property=\"og:title\" content=\"Pol\u00edtica de privacitat - Mec\u00e0nica Lapedra\" \/>\n<meta property=\"og:url\" content=\"https:\/\/mecanicalapedra.com\/index.php\/politica-de-privacitat\/\" \/>\n<meta property=\"og:site_name\" content=\"Mec\u00e0nica Lapedra\" \/>\n<meta property=\"article:modified_time\" content=\"2022-08-18T12:27:47+00:00\" \/>\n<meta name=\"twitter:card\" content=\"summary_large_image\" \/>\n<meta name=\"twitter:label1\" content=\"Temps estimat de lectura\" \/>\n\t<meta name=\"twitter:data1\" content=\"8 minuts\" \/>\n<script type=\"application\/ld+json\" class=\"yoast-schema-graph\">{\"@context\":\"https:\\\/\\\/schema.org\",\"@graph\":[{\"@type\":\"WebPage\",\"@id\":\"https:\\\/\\\/mecanicalapedra.com\\\/index.php\\\/politica-de-privacitat\\\/\",\"url\":\"https:\\\/\\\/mecanicalapedra.com\\\/index.php\\\/politica-de-privacitat\\\/\",\"name\":\"Pol\u00edtica de privacitat - Mec\u00e0nica Lapedra\",\"isPartOf\":{\"@id\":\"https:\\\/\\\/mecanicalapedra.com\\\/#website\"},\"datePublished\":\"2022-01-25T16:18:50+00:00\",\"dateModified\":\"2022-08-18T12:27:47+00:00\",\"breadcrumb\":{\"@id\":\"https:\\\/\\\/mecanicalapedra.com\\\/index.php\\\/politica-de-privacitat\\\/#breadcrumb\"},\"inLanguage\":\"ca\",\"potentialAction\":[{\"@type\":\"ReadAction\",\"target\":[\"https:\\\/\\\/mecanicalapedra.com\\\/index.php\\\/politica-de-privacitat\\\/\"]}]},{\"@type\":\"BreadcrumbList\",\"@id\":\"https:\\\/\\\/mecanicalapedra.com\\\/index.php\\\/politica-de-privacitat\\\/#breadcrumb\",\"itemListElement\":[{\"@type\":\"ListItem\",\"position\":1,\"name\":\"Inici\",\"item\":\"https:\\\/\\\/mecanicalapedra.com\\\/\"},{\"@type\":\"ListItem\",\"position\":2,\"name\":\"Pol\u00edtica de privacitat\"}]},{\"@type\":\"WebSite\",\"@id\":\"https:\\\/\\\/mecanicalapedra.com\\\/#website\",\"url\":\"https:\\\/\\\/mecanicalapedra.com\\\/\",\"name\":\"Mec\u00e0nica Lapedra\",\"description\":\"Taller de mec\u00e0nica industrial\",\"potentialAction\":[{\"@type\":\"SearchAction\",\"target\":{\"@type\":\"EntryPoint\",\"urlTemplate\":\"https:\\\/\\\/mecanicalapedra.com\\\/?s={search_term_string}\"},\"query-input\":{\"@type\":\"PropertyValueSpecification\",\"valueRequired\":true,\"valueName\":\"search_term_string\"}}],\"inLanguage\":\"ca\"}]}<\/script>\n<!-- \/ Yoast SEO plugin. -->","yoast_head_json":{"title":"Pol\u00edtica de privacitat - Mec\u00e0nica Lapedra","robots":{"index":"index","follow":"follow","max-snippet":"max-snippet:-1","max-image-preview":"max-image-preview:large","max-video-preview":"max-video-preview:-1"},"canonical":"https:\/\/mecanicalapedra.com\/index.php\/politica-de-privacitat\/","og_locale":"ca_ES","og_type":"article","og_title":"Pol\u00edtica de privacitat - Mec\u00e0nica Lapedra","og_url":"https:\/\/mecanicalapedra.com\/index.php\/politica-de-privacitat\/","og_site_name":"Mec\u00e0nica Lapedra","article_modified_time":"2022-08-18T12:27:47+00:00","twitter_card":"summary_large_image","twitter_misc":{"Temps estimat de lectura":"8 minuts"},"schema":{"@context":"https:\/\/schema.org","@graph":[{"@type":"WebPage","@id":"https:\/\/mecanicalapedra.com\/index.php\/politica-de-privacitat\/","url":"https:\/\/mecanicalapedra.com\/index.php\/politica-de-privacitat\/","name":"Pol\u00edtica de privacitat - Mec\u00e0nica Lapedra","isPartOf":{"@id":"https:\/\/mecanicalapedra.com\/#website"},"datePublished":"2022-01-25T16:18:50+00:00","dateModified":"2022-08-18T12:27:47+00:00","breadcrumb":{"@id":"https:\/\/mecanicalapedra.com\/index.php\/politica-de-privacitat\/#breadcrumb"},"inLanguage":"ca","potentialAction":[{"@type":"ReadAction","target":["https:\/\/mecanicalapedra.com\/index.php\/politica-de-privacitat\/"]}]},{"@type":"BreadcrumbList","@id":"https:\/\/mecanicalapedra.com\/index.php\/politica-de-privacitat\/#breadcrumb","itemListElement":[{"@type":"ListItem","position":1,"name":"Inici","item":"https:\/\/mecanicalapedra.com\/"},{"@type":"ListItem","position":2,"name":"Pol\u00edtica de privacitat"}]},{"@type":"WebSite","@id":"https:\/\/mecanicalapedra.com\/#website","url":"https:\/\/mecanicalapedra.com\/","name":"Mec\u00e0nica Lapedra","description":"Taller de mec\u00e0nica industrial","potentialAction":[{"@type":"SearchAction","target":{"@type":"EntryPoint","urlTemplate":"https:\/\/mecanicalapedra.com\/?s={search_term_string}"},"query-input":{"@type":"PropertyValueSpecification","valueRequired":true,"valueName":"search_term_string"}}],"inLanguage":"ca"}]}},"jetpack_sharing_enabled":true,"_links":{"self":[{"href":"https:\/\/mecanicalapedra.com\/index.php\/wp-json\/wp\/v2\/pages\/3","targetHints":{"allow":["GET"]}}],"collection":[{"href":"https:\/\/mecanicalapedra.com\/index.php\/wp-json\/wp\/v2\/pages"}],"about":[{"href":"https:\/\/mecanicalapedra.com\/index.php\/wp-json\/wp\/v2\/types\/page"}],"author":[{"embeddable":true,"href":"https:\/\/mecanicalapedra.com\/index.php\/wp-json\/wp\/v2\/users\/1"}],"replies":[{"embeddable":true,"href":"https:\/\/mecanicalapedra.com\/index.php\/wp-json\/wp\/v2\/comments?post=3"}],"version-history":[{"count":4,"href":"https:\/\/mecanicalapedra.com\/index.php\/wp-json\/wp\/v2\/pages\/3\/revisions"}],"predecessor-version":[{"id":2173,"href":"https:\/\/mecanicalapedra.com\/index.php\/wp-json\/wp\/v2\/pages\/3\/revisions\/2173"}],"wp:attachment":[{"href":"https:\/\/mecanicalapedra.com\/index.php\/wp-json\/wp\/v2\/media?parent=3"}],"curies":[{"name":"wp","href":"https:\/\/api.w.org\/{rel}","templated":true}]}}